{"id":38,"date":"2025-09-02T14:07:26","date_gmt":"2025-09-02T14:07:26","guid":{"rendered":"http:\/\/annazviebel.com\/?page_id=38"},"modified":"2025-10-02T12:06:27","modified_gmt":"2025-10-02T12:06:27","slug":"demarches-artistiques","status":"publish","type":"page","link":"https:\/\/annazviebel.com\/index.php\/demarches-artistiques\/","title":{"rendered":"Expositions"},"content":{"rendered":"\t\t<div data-elementor-type=\"wp-page\" data-elementor-id=\"38\" class=\"elementor elementor-38\">\n\t\t\t\t<div class=\"elementor-element elementor-element-e0fec52 e-con-full e-flex e-con e-parent\" data-id=\"e0fec52\" data-element_type=\"container\">\n\t\t\t\t<div class=\"elementor-element elementor-element-5fc452f elementor-widget elementor-widget-text-editor\" data-id=\"5fc452f\" data-element_type=\"widget\" data-widget_type=\"text-editor.default\">\n\t\t\t\t\t\t\t\t\t<p>Expositions<\/p>\t\t\t\t\t\t\t\t<\/div>\n\t\t\t\t<\/div>\n\t\t<div class=\"elementor-element elementor-element-8e6d5fb e-con-full e-flex e-con e-parent\" data-id=\"8e6d5fb\" data-element_type=\"container\">\n\t\t\t\t<div class=\"elementor-element elementor-element-247918b elementor-widget elementor-widget-text-editor\" data-id=\"247918b\" data-element_type=\"widget\" data-widget_type=\"text-editor.default\">\n\t\t\t\t\t\t\t\t\t<p><strong>Expositions collectives<\/strong><\/p><ul><li>\u00ab\u00a0Anna &amp; Anna\u00a0\u00bb \u2013 La Maison des artistes \u2013 Chamb\u00e9ry \u2013 France \u2013 2024<\/li><li>\u00ab\u00a0Forme\u00a0\u00bb primitives\u00a0\u00bb &#8211; La Ferme de Bressieux \u2013 Bassens \u2013 France \u2013 2023<\/li><li>Nuit de la cr\u00e9ation &#8211; La Motte-Servolex \u2013 France \u2013 2020<\/li><li>Nuit de la cr\u00e9ation &#8211; La Motte-Servolex \u2013 France \u2013 2018<\/li><li>\u00ab The Art of Space \u00bb &#8211; \u010cSOB Inspirace &#8211; Prague &#8211; R\u00e9publique Tch\u00e8que \u2013 2016<\/li><li>Galerie \u00ab Franti\u0161ka Drtikola \u00bb &#8211; P\u0159\u00edbram &#8211; R\u00e9publique Tch\u00e8que \u2013 2016<\/li><li>Projet d\u2018ecole d\u2018art\u00a0\u00ab V\u00fdtvarn\u00fd ateli\u00e9r Malov\u00e1n\u00ed kreslen\u00ed \u00bb &#8211; Pub Velryba &#8211; Prague R\u00e9publique Tch\u00e8que \u2013 2015<\/li><li>\u00ab La ville commence ici \u00bb &#8211; Projet Art&#8217;Dep (urbain)- Cr\u00e9ation de fresques &#8211; Aix les bains &#8211; 2015<\/li><\/ul><p>\u00a0<\/p><p><strong>Expositions personnelles<\/strong><\/p><ul><li>\u00ab\u00a0Origine\u00a0\u00bb &#8211; M\u00e9diath\u00e8que Samivel &#8211; Challes-les-Eaux \u2013 France \u2013 2022<\/li><li>\u00ab Dans la t\u00eate\u00a0\u00bb &#8211; La Chapelle Vaugelas \u2013 France \u2013 2019<\/li><li>K7 &#8211; Barberaz \u2013 France \u2013 2018<\/li><li>\u00ab Substances organiques et vie \u00bb &#8211; K-Cafe &#8211; Prague &#8211; R\u00e9publique Tch\u00e8que \u2013 2018<\/li><li>Tableaux en reliefs &#8211; Klub \u0160atlava &#8211; Prague &#8211; R\u00e9publique Tch\u00e8que \u2013 2017<\/li><li>\u00ab L\u2019existence des pens\u00e9es \u00bb &#8211; Minigalerie &#8211; la Poste Ji\u0159\u00edho z\u00a0Pod\u011bbrad &#8211; Prague &#8211; R\u00e9publique Tch\u00e8que \u2013 2016<\/li><li>\u00ab\u00a0The beginning\u00a0\u00bb &#8211; Bar ROH &#8211; Prague &#8211; R\u00e9publique Tch\u00e8que &#8211; 2015<\/li><\/ul>\t\t\t\t\t\t\t\t<\/div>\n\t\t\t\t<\/div>\n\t\t<div class=\"elementor-element elementor-element-180c3ee e-con-full e-flex e-con e-parent\" data-id=\"180c3ee\" data-element_type=\"container\">\n\t\t\t\t<div class=\"elementor-element elementor-element-5811a58 elementor-widget__width-inherit elementor-widget elementor-widget-shortcode\" data-id=\"5811a58\" data-element_type=\"widget\" data-widget_type=\"shortcode.default\">\n\t\t\t\t\t\t\t<div class=\"elementor-shortcode\"><style type=\"text\/css\">\n#foogallery-gallery-1378 .fg-image { width: 500px; }<\/style>\n\t\t\t<div class=\"foogallery foogallery-container foogallery-carousel foogallery-lightbox-foogallery fg-carousel fg-ready fg-light fg-border-thin fg-shadow-outline fg-loading-default fg-loaded-fade-in fg-caption-hover fg-hover-fade fg-hover-zoom\" id=\"foogallery-gallery-1378\" data-foogallery=\"{&quot;item&quot;:{&quot;showCaptionTitle&quot;:false,&quot;showCaptionDescription&quot;:false},&quot;lazy&quot;:true,&quot;template&quot;:{&quot;maxItems&quot;:5,&quot;scale&quot;:0.12,&quot;gutter&quot;:{&quot;min&quot;:-45,&quot;max&quot;:-20,&quot;unit&quot;:&quot;%&quot;},&quot;autoplay&quot;:{&quot;time&quot;:0,&quot;interaction&quot;:&quot;disable&quot;},&quot;centerOnClick&quot;:true}}\" data-foogallery-lightbox=\"{&quot;thumbs&quot;:&quot;none&quot;,&quot;info&quot;:&quot;bottom&quot;,&quot;infoVisible&quot;:true,&quot;infoOverlay&quot;:true,&quot;infoAlign&quot;:&quot;default&quot;,&quot;transition&quot;:&quot;fade&quot;,&quot;hoverButtons&quot;:false,&quot;fitMedia&quot;:false,&quot;noScrollbars&quot;:true,&quot;preserveButtonSpace&quot;:true,&quot;buttons&quot;:{&quot;fullscreen&quot;:true,&quot;info&quot;:true,&quot;thumbs&quot;:false},&quot;video&quot;:{&quot;autoPlay&quot;:true}}\" style=\"--fg-title-line-clamp: 0; --fg-description-line-clamp: 0;\" >\n\t<button type=\"button\" class=\"fg-carousel-prev\"><\/button>\n\t<div class=\"fg-carousel-inner\">\n\t\t<div class=\"fg-carousel-center\"><\/div>\n\t\t<div class=\"fg-item fg-type-image fg-idle\"><figure class=\"fg-item-inner\"><a href=\"https:\/\/annazviebel.com\/wp-content\/uploads\/2025\/09\/IMG_20210607_213141.jpg\" data-attachment-id=\"1374\" data-type=\"image\" class=\"fg-thumb\"><span class=\"fg-image-wrap\"><img fetchpriority=\"high\" decoding=\"async\" width=\"500\" height=\"400\" class=\"skip-lazy fg-image\" data-src-fg=\"https:\/\/annazviebel.com\/wp-content\/uploads\/cache\/2025\/09\/IMG_20210607_213141\/3013752824.jpg\" src=\"data:image\/svg+xml,%3Csvg%20xmlns%3D%22http%3A%2F%2Fwww.w3.org%2F2000%2Fsvg%22%20width%3D%22500%22%20height%3D%22400%22%20viewBox%3D%220%200%20500%20400%22%3E%3C%2Fsvg%3E\" loading=\"eager\"><\/span><span class=\"fg-image-overlay\"><\/span><\/a><\/figure><div class=\"fg-loader\"><\/div><\/div><div class=\"fg-item fg-type-image fg-idle\"><figure class=\"fg-item-inner\"><a href=\"https:\/\/annazviebel.com\/wp-content\/uploads\/2025\/09\/Anna-Z.jpg\" data-attachment-id=\"1371\" data-type=\"image\" class=\"fg-thumb\"><span class=\"fg-image-wrap\"><img decoding=\"async\" width=\"500\" height=\"400\" class=\"skip-lazy fg-image\" data-src-fg=\"https:\/\/annazviebel.com\/wp-content\/uploads\/cache\/2025\/09\/Anna-Z\/2891020296.jpg\" src=\"data:image\/svg+xml,%3Csvg%20xmlns%3D%22http%3A%2F%2Fwww.w3.org%2F2000%2Fsvg%22%20width%3D%22500%22%20height%3D%22400%22%20viewBox%3D%220%200%20500%20400%22%3E%3C%2Fsvg%3E\" loading=\"eager\"><\/span><span class=\"fg-image-overlay\"><\/span><\/a><\/figure><div class=\"fg-loader\"><\/div><\/div><div class=\"fg-item fg-type-image fg-idle\"><figure class=\"fg-item-inner\"><a href=\"https:\/\/annazviebel.com\/wp-content\/uploads\/2025\/09\/PXL_20231208_100905160.jpg2_.jpg\" data-attachment-id=\"1376\" data-type=\"image\" class=\"fg-thumb\"><span class=\"fg-image-wrap\"><img decoding=\"async\" width=\"500\" height=\"400\" class=\"skip-lazy fg-image\" data-src-fg=\"https:\/\/annazviebel.com\/wp-content\/uploads\/cache\/2025\/09\/PXL_20231208_100905160_jpg2_\/3882428872.jpg\" src=\"data:image\/svg+xml,%3Csvg%20xmlns%3D%22http%3A%2F%2Fwww.w3.org%2F2000%2Fsvg%22%20width%3D%22500%22%20height%3D%22400%22%20viewBox%3D%220%200%20500%20400%22%3E%3C%2Fsvg%3E\" loading=\"eager\"><\/span><span class=\"fg-image-overlay\"><\/span><\/a><\/figure><div class=\"fg-loader\"><\/div><\/div><div class=\"fg-item fg-type-image fg-idle\"><figure class=\"fg-item-inner\"><a href=\"https:\/\/annazviebel.com\/wp-content\/uploads\/2025\/09\/Vesmir-2.JPG123.jpg\" data-attachment-id=\"1377\" data-type=\"image\" class=\"fg-thumb\"><span class=\"fg-image-wrap\"><img decoding=\"async\" width=\"500\" height=\"400\" class=\"skip-lazy fg-image\" data-src-fg=\"https:\/\/annazviebel.com\/wp-content\/uploads\/cache\/2025\/09\/Vesmir-2_JPG123\/1850488879.jpg\" src=\"data:image\/svg+xml,%3Csvg%20xmlns%3D%22http%3A%2F%2Fwww.w3.org%2F2000%2Fsvg%22%20width%3D%22500%22%20height%3D%22400%22%20viewBox%3D%220%200%20500%20400%22%3E%3C%2Fsvg%3E\" loading=\"eager\"><\/span><span class=\"fg-image-overlay\"><\/span><\/a><\/figure><div class=\"fg-loader\"><\/div><\/div><div class=\"fg-item fg-type-image fg-idle\"><figure class=\"fg-item-inner\"><a href=\"https:\/\/annazviebel.com\/wp-content\/uploads\/2025\/09\/Le-chat-de-Shrodinger-14.jpg\" data-attachment-id=\"1375\" data-type=\"image\" class=\"fg-thumb\"><span class=\"fg-image-wrap\"><img decoding=\"async\" width=\"500\" height=\"400\" class=\"skip-lazy fg-image\" data-src-fg=\"https:\/\/annazviebel.com\/wp-content\/uploads\/cache\/2025\/09\/Le-chat-de-Shrodinger-14\/2158377467.jpg\" src=\"data:image\/svg+xml,%3Csvg%20xmlns%3D%22http%3A%2F%2Fwww.w3.org%2F2000%2Fsvg%22%20width%3D%22500%22%20height%3D%22400%22%20viewBox%3D%220%200%20500%20400%22%3E%3C%2Fsvg%3E\" loading=\"eager\"><\/span><span class=\"fg-image-overlay\"><\/span><\/a><\/figure><div class=\"fg-loader\"><\/div><\/div><div class=\"fg-item fg-type-image fg-idle\"><figure class=\"fg-item-inner\"><a href=\"https:\/\/annazviebel.com\/wp-content\/uploads\/2025\/09\/Expo.Mediatheque-Samivel.-Challes-les-Eaux-1.jpg\" data-attachment-id=\"1372\" data-type=\"image\" class=\"fg-thumb\"><span class=\"fg-image-wrap\"><img decoding=\"async\" width=\"500\" height=\"400\" class=\"skip-lazy fg-image\" data-src-fg=\"https:\/\/annazviebel.com\/wp-content\/uploads\/cache\/2025\/09\/Expo_Mediatheque-Samivel_-Challes-les-Eaux-1\/854539430.jpg\" src=\"data:image\/svg+xml,%3Csvg%20xmlns%3D%22http%3A%2F%2Fwww.w3.org%2F2000%2Fsvg%22%20width%3D%22500%22%20height%3D%22400%22%20viewBox%3D%220%200%20500%20400%22%3E%3C%2Fsvg%3E\" loading=\"eager\"><\/span><span class=\"fg-image-overlay\"><\/span><\/a><\/figure><div class=\"fg-loader\"><\/div><\/div><div class=\"fg-item fg-type-image fg-idle\"><figure class=\"fg-item-inner\"><a href=\"https:\/\/annazviebel.com\/wp-content\/uploads\/2025\/09\/IMG_20150527_145430.jpg\" data-attachment-id=\"1373\" data-type=\"image\" class=\"fg-thumb\"><span class=\"fg-image-wrap\"><img decoding=\"async\" width=\"500\" height=\"400\" class=\"skip-lazy fg-image\" data-src-fg=\"https:\/\/annazviebel.com\/wp-content\/uploads\/cache\/2025\/09\/IMG_20150527_145430\/3729667954.jpg\" src=\"data:image\/svg+xml,%3Csvg%20xmlns%3D%22http%3A%2F%2Fwww.w3.org%2F2000%2Fsvg%22%20width%3D%22500%22%20height%3D%22400%22%20viewBox%3D%220%200%20500%20400%22%3E%3C%2Fsvg%3E\" loading=\"eager\"><\/span><span class=\"fg-image-overlay\"><\/span><\/a><\/figure><div class=\"fg-loader\"><\/div><\/div><div class=\"fg-item fg-type-image fg-idle\"><figure class=\"fg-item-inner\"><a href=\"https:\/\/annazviebel.com\/wp-content\/uploads\/2025\/09\/2.jpg\" data-attachment-id=\"1370\" data-type=\"image\" class=\"fg-thumb\"><span class=\"fg-image-wrap\"><img decoding=\"async\" width=\"500\" height=\"400\" class=\"skip-lazy fg-image\" data-src-fg=\"https:\/\/annazviebel.com\/wp-content\/uploads\/cache\/2025\/09\/2\/119948765.jpg\" src=\"data:image\/svg+xml,%3Csvg%20xmlns%3D%22http%3A%2F%2Fwww.w3.org%2F2000%2Fsvg%22%20width%3D%22500%22%20height%3D%22400%22%20viewBox%3D%220%200%20500%20400%22%3E%3C%2Fsvg%3E\" loading=\"eager\"><\/span><span class=\"fg-image-overlay\"><\/span><\/a><\/figure><div class=\"fg-loader\"><\/div><\/div>\t<\/div>\n\t<div class=\"fg-carousel-bottom\"><\/div>\n\t<div class=\"fg-carousel-progress\"><\/div>\n\t<button type=\"button\" class=\"fg-carousel-next\"><\/button>\n<\/div><\/div>\n\t\t\t\t\t\t<\/div>\n\t\t\t\t<\/div>\n\t\t<div class=\"elementor-element elementor-element-8015a03 e-con-full e-flex e-con e-parent\" data-id=\"8015a03\" data-element_type=\"container\">\n\t\t\t\t<div class=\"elementor-element elementor-element-fffa6d3 elementor-widget__width-inherit elementor-widget elementor-widget-text-editor\" data-id=\"fffa6d3\" data-element_type=\"widget\" data-widget_type=\"text-editor.default\">\n\t\t\t\t\t\t\t\t\t<p>\u00ab La ville commence ici \u00bb &#8211; Projet Art&#8217;Dep (urbain) &#8211; Cr\u00e9ation de fresques &#8211; Aix les bains &#8211; 2015<\/p>\t\t\t\t\t\t\t\t<\/div>\n\t\t\t\t<div class=\"elementor-element elementor-element-a4785a4 elementor-widget__width-initial elementor-widget elementor-widget-video\" data-id=\"a4785a4\" data-element_type=\"widget\" data-settings=\"{&quot;youtube_url&quot;:&quot;https:\\\/\\\/www.youtube.com\\\/watch?v=gVDmcEoMfTo&quot;,&quot;video_type&quot;:&quot;youtube&quot;,&quot;controls&quot;:&quot;yes&quot;}\" data-widget_type=\"video.default\">\n\t\t\t\t\t\t\t<div class=\"elementor-wrapper elementor-open-inline\">\n\t\t\t<div class=\"elementor-video\"><\/div>\t\t<\/div>\n\t\t\t\t\t\t<\/div>\n\t\t\t\t<\/div>\n\t\t\t\t<\/div>\n\t\t","protected":false},"excerpt":{"rendered":"<p>Expositions Expositions collectives \u00ab\u00a0Anna &amp; Anna\u00a0\u00bb \u2013 La Maison des artistes \u2013 Chamb\u00e9ry \u2013 France \u2013 2024 \u00ab\u00a0Forme\u00a0\u00bb primitives\u00a0\u00bb &#8211; [&hellip;]<\/p>\n","protected":false},"author":1,"featured_media":0,"parent":0,"menu_order":0,"comment_status":"closed","ping_status":"closed","template":"elementor_theme","meta":{"site-sidebar-layout":"no-sidebar","site-content-layout":"","ast-site-content-layout":"full-width-container","site-content-style":"default","site-sidebar-style":"default","ast-global-header-display":"","ast-banner-title-visibility":"","ast-main-header-display":"","ast-hfb-above-header-display":"","ast-hfb-below-header-display":"","ast-hfb-mobile-header-display":"","site-post-title":"disabled","ast-breadcrumbs-content":"","ast-featured-img":"disabled","footer-sml-layout":"","ast-disable-related-posts":"","theme-transparent-header-meta":"","adv-header-id-meta":"","stick-header-meta":"","header-above-stick-meta":"","header-main-stick-meta":"","header-below-stick-meta":"","astra-migrate-meta-layouts":"default","ast-page-background-enabled":"default","ast-page-background-meta":{"desktop":{"background-color":"var(--ast-global-color-5)","background-image":"","background-repeat":"repeat","background-position":"center center","background-size":"auto","background-attachment":"scroll","background-type":"","background-media":"","overlay-type":"","overlay-color":"","overlay-opacity":"","overlay-gradient":""},"tablet":{"background-color":"","background-image":"","background-repeat":"repeat","background-position":"center center","background-size":"auto","background-attachment":"scroll","background-type":"","background-media":"","overlay-type":"","overlay-color":"","overlay-opacity":"","overlay-gradient":""},"mobile":{"background-color":"","background-image":"","background-repeat":"repeat","background-position":"center center","background-size":"auto","background-attachment":"scroll","background-type":"","background-media":"","overlay-type":"","overlay-color":"","overlay-opacity":"","overlay-gradient":""}},"ast-content-background-meta":{"desktop":{"background-color":"var(--ast-global-color-4)","background-image":"","background-repeat":"repeat","background-position":"center center","background-size":"auto","background-attachment":"scroll","background-type":"","background-media":"","overlay-type":"","overlay-color":"","overlay-opacity":"","overlay-gradient":""},"tablet":{"background-color":"var(--ast-global-color-4)","background-image":"","background-repeat":"repeat","background-position":"center center","background-size":"auto","background-attachment":"scroll","background-type":"","background-media":"","overlay-type":"","overlay-color":"","overlay-opacity":"","overlay-gradient":""},"mobile":{"background-color":"var(--ast-global-color-4)","background-image":"","background-repeat":"repeat","background-position":"center center","background-size":"auto","background-attachment":"scroll","background-type":"","background-media":"","overlay-type":"","overlay-color":"","overlay-opacity":"","overlay-gradient":""}},"footnotes":""},"class_list":["post-38","page","type-page","status-publish","hentry"],"yoast_head":"<!-- This site is optimized with the Yoast SEO plugin v26.6 - https:\/\/yoast.com\/wordpress\/plugins\/seo\/ -->\n<title>Expositions -<\/title>\n<meta name=\"robots\" content=\"index, follow, max-snippet:-1, max-image-preview:large, max-video-preview:-1\" \/>\n<link rel=\"canonical\" href=\"http:\/\/annazviebel.com\/index.php\/demarches-artistiques\/\" \/>\n<meta property=\"og:locale\" content=\"en_US\" \/>\n<meta property=\"og:type\" content=\"article\" \/>\n<meta property=\"og:title\" content=\"Expositions -\" \/>\n<meta property=\"og:description\" content=\"Expositions Expositions collectives \u00ab\u00a0Anna &amp; Anna\u00a0\u00bb \u2013 La Maison des artistes \u2013 Chamb\u00e9ry \u2013 France \u2013 2024 \u00ab\u00a0Forme\u00a0\u00bb primitives\u00a0\u00bb &#8211; [&hellip;]\" \/>\n<meta property=\"og:url\" content=\"http:\/\/annazviebel.com\/index.php\/demarches-artistiques\/\" \/>\n<meta property=\"article:modified_time\" content=\"2025-10-02T12:06:27+00:00\" \/>\n<meta name=\"twitter:card\" content=\"summary_large_image\" \/>\n<meta name=\"twitter:label1\" content=\"Est. reading time\" \/>\n\t<meta name=\"twitter:data1\" content=\"3 minutes\" \/>\n<script type=\"application\/ld+json\" class=\"yoast-schema-graph\">{\"@context\":\"https:\/\/schema.org\",\"@graph\":[{\"@type\":\"WebPage\",\"@id\":\"http:\/\/annazviebel.com\/index.php\/demarches-artistiques\/\",\"url\":\"http:\/\/annazviebel.com\/index.php\/demarches-artistiques\/\",\"name\":\"Expositions -\",\"isPartOf\":{\"@id\":\"http:\/\/annazviebel.com\/#website\"},\"datePublished\":\"2025-09-02T14:07:26+00:00\",\"dateModified\":\"2025-10-02T12:06:27+00:00\",\"breadcrumb\":{\"@id\":\"http:\/\/annazviebel.com\/index.php\/demarches-artistiques\/#breadcrumb\"},\"inLanguage\":\"en-US\",\"potentialAction\":[{\"@type\":\"ReadAction\",\"target\":[\"http:\/\/annazviebel.com\/index.php\/demarches-artistiques\/\"]}]},{\"@type\":\"BreadcrumbList\",\"@id\":\"http:\/\/annazviebel.com\/index.php\/demarches-artistiques\/#breadcrumb\",\"itemListElement\":[{\"@type\":\"ListItem\",\"position\":1,\"name\":\"Home\",\"item\":\"http:\/\/annazviebel.com\/\"},{\"@type\":\"ListItem\",\"position\":2,\"name\":\"Expositions\"}]},{\"@type\":\"WebSite\",\"@id\":\"http:\/\/annazviebel.com\/#website\",\"url\":\"http:\/\/annazviebel.com\/\",\"name\":\"\",\"description\":\"\",\"potentialAction\":[{\"@type\":\"SearchAction\",\"target\":{\"@type\":\"EntryPoint\",\"urlTemplate\":\"http:\/\/annazviebel.com\/?s={search_term_string}\"},\"query-input\":{\"@type\":\"PropertyValueSpecification\",\"valueRequired\":true,\"valueName\":\"search_term_string\"}}],\"inLanguage\":\"en-US\"}]}<\/script>\n<!-- \/ Yoast SEO plugin. -->","yoast_head_json":{"title":"Expositions -","robots":{"index":"index","follow":"follow","max-snippet":"max-snippet:-1","max-image-preview":"max-image-preview:large","max-video-preview":"max-video-preview:-1"},"canonical":"http:\/\/annazviebel.com\/index.php\/demarches-artistiques\/","og_locale":"en_US","og_type":"article","og_title":"Expositions -","og_description":"Expositions Expositions collectives \u00ab\u00a0Anna &amp; Anna\u00a0\u00bb \u2013 La Maison des artistes \u2013 Chamb\u00e9ry \u2013 France \u2013 2024 \u00ab\u00a0Forme\u00a0\u00bb primitives\u00a0\u00bb &#8211; [&hellip;]","og_url":"http:\/\/annazviebel.com\/index.php\/demarches-artistiques\/","article_modified_time":"2025-10-02T12:06:27+00:00","twitter_card":"summary_large_image","twitter_misc":{"Est. reading time":"3 minutes"},"schema":{"@context":"https:\/\/schema.org","@graph":[{"@type":"WebPage","@id":"http:\/\/annazviebel.com\/index.php\/demarches-artistiques\/","url":"http:\/\/annazviebel.com\/index.php\/demarches-artistiques\/","name":"Expositions -","isPartOf":{"@id":"http:\/\/annazviebel.com\/#website"},"datePublished":"2025-09-02T14:07:26+00:00","dateModified":"2025-10-02T12:06:27+00:00","breadcrumb":{"@id":"http:\/\/annazviebel.com\/index.php\/demarches-artistiques\/#breadcrumb"},"inLanguage":"en-US","potentialAction":[{"@type":"ReadAction","target":["http:\/\/annazviebel.com\/index.php\/demarches-artistiques\/"]}]},{"@type":"BreadcrumbList","@id":"http:\/\/annazviebel.com\/index.php\/demarches-artistiques\/#breadcrumb","itemListElement":[{"@type":"ListItem","position":1,"name":"Home","item":"http:\/\/annazviebel.com\/"},{"@type":"ListItem","position":2,"name":"Expositions"}]},{"@type":"WebSite","@id":"http:\/\/annazviebel.com\/#website","url":"http:\/\/annazviebel.com\/","name":"","description":"","potentialAction":[{"@type":"SearchAction","target":{"@type":"EntryPoint","urlTemplate":"http:\/\/annazviebel.com\/?s={search_term_string}"},"query-input":{"@type":"PropertyValueSpecification","valueRequired":true,"valueName":"search_term_string"}}],"inLanguage":"en-US"}]}},"_links":{"self":[{"href":"https:\/\/annazviebel.com\/index.php\/wp-json\/wp\/v2\/pages\/38","targetHints":{"allow":["GET"]}}],"collection":[{"href":"https:\/\/annazviebel.com\/index.php\/wp-json\/wp\/v2\/pages"}],"about":[{"href":"https:\/\/annazviebel.com\/index.php\/wp-json\/wp\/v2\/types\/page"}],"author":[{"embeddable":true,"href":"https:\/\/annazviebel.com\/index.php\/wp-json\/wp\/v2\/users\/1"}],"replies":[{"embeddable":true,"href":"https:\/\/annazviebel.com\/index.php\/wp-json\/wp\/v2\/comments?post=38"}],"version-history":[{"count":137,"href":"https:\/\/annazviebel.com\/index.php\/wp-json\/wp\/v2\/pages\/38\/revisions"}],"predecessor-version":[{"id":2540,"href":"https:\/\/annazviebel.com\/index.php\/wp-json\/wp\/v2\/pages\/38\/revisions\/2540"}],"wp:attachment":[{"href":"https:\/\/annazviebel.com\/index.php\/wp-json\/wp\/v2\/media?parent=38"}],"curies":[{"name":"wp","href":"https:\/\/api.w.org\/{rel}","templated":true}]}}