{"id":61,"date":"2025-09-02T15:06:41","date_gmt":"2025-09-02T15:06:41","guid":{"rendered":"http:\/\/annazviebel.com\/?page_id=61"},"modified":"2025-10-20T07:54:57","modified_gmt":"2025-10-20T07:54:57","slug":"courte-biographie","status":"publish","type":"page","link":"https:\/\/annazviebel.com\/index.php\/courte-biographie\/","title":{"rendered":"Biographie"},"content":{"rendered":"\t\t<div data-elementor-type=\"wp-page\" data-elementor-id=\"61\" class=\"elementor elementor-61\">\n\t\t\t\t<div class=\"elementor-element elementor-element-1a3bf16 e-con-full e-flex e-con e-parent\" data-id=\"1a3bf16\" data-element_type=\"container\">\n\t\t<div class=\"elementor-element elementor-element-2f5f4a7 e-con-full e-flex e-con e-child\" data-id=\"2f5f4a7\" data-element_type=\"container\">\n\t\t\t\t<div class=\"elementor-element elementor-element-eaf657b elementor-widget__width-initial elementor-widget elementor-widget-text-editor\" data-id=\"eaf657b\" data-element_type=\"widget\" data-widget_type=\"text-editor.default\">\n\t\t\t\t\t\t\t\t\t<p>Biographie \/ Anna Zviebel<\/p><p>Anna Zviebel est une artiste franco-tch\u00e8que n\u00e9e en 1985 \u00e0 Chamb\u00e9ry, \u00e9voluant dans une double culture et en contact avec les deux pays. Autodidacte, avec un parcours \u00e9clectique, elle fait de ses d\u00e9placements et de ses rencontres un moteur de cr\u00e9ation. Musique, th\u00e9\u00e2tre, exercices vocaux, peinture, fresque\u00a0: de multiples terrains explor\u00e9s depuis toujours pour s\u2019exprimer et absorb\u00e9s dans une recherche plastique singuli\u00e8re.<\/p><p>En 2007, elle s\u2019installe \u00e0 Lyon pour se former \u00e0 l\u2019\u00e9cole des Arts et du Spectacle \u00ab ATRE \u00bb puis au Carr\u00e9 30. <br \/>En 2012, elle part vivre en Argentine o\u00f9 sa rencontre avec l&#8217;artiste tatoueur Milton Almada marque un tournant vers la peinture murales, en l\u2019assistant dans la r\u00e9alisation des fresques de son studio.<br \/>Un an plus tard, elle s\u2019exporte en Irlande, int\u00e8gre la compagnie \u00ab French Theater For School \u00bb et joue \u00e0 travers tout le pays. \u00c0 Dublin, elle se met \u00e0 peindre, en marge de ses engagements th\u00e9\u00e2traux. <br \/>De retour en France en 2014, elle se passionne pour le relief et d\u00e9veloppe un style unique au fil du temps, faisant de la mati\u00e8re thermoplastique son m\u00e9dium de pr\u00e9dilection.<\/p><p>Elle s\u2019installe ensuite \u00e0 Prague, de 2015 \u00e0 2017, et affirme sa pratique de la cr\u00e9ation plastique. Son travail \u00e9volue dans des r\u00e9alisations aux formes biomorphiques et sa premi\u00e8re exposition personnelle \u00ab The Beginning \u00bb a lieu \u00e0 la capitale. En parall\u00e8le, elle travaille dans la \u00ab galerie \u00ab Zahradn\u00edk \u00bb, devient membre de la compagnie de th\u00e9\u00e2tre de marionnettes \u00ab Rodinn\u00e9 divadlo \u00bb et fait de la figuration passant du cin\u00e9ma \u00e0 la publicit\u00e9. Elle expose dans divers lieux et cr\u00e9e \u00e0 \u017di\u017ekov, o\u00f9 elle met en forme ces \u0153uvres aux aspects organiques et ses premi\u00e8res repr\u00e9sentations de cerveaux.<br \/>Cet \u00e9lan se poursuit en France o\u00f9 elle approfondit ce motif et pr\u00e9sente ses cr\u00e9ations dans des expositions personnelles et \u00e0 des \u00e9v\u00e8nements collectifs.<\/p><p>Puis, peu \u00e0 peu, elle abandonne la thermoplastique et les repr\u00e9sentations c\u00e9r\u00e9brales pour ouvrir un nouveau cycle de recherche. Apr\u00e8s une phase d\u2019exp\u00e9rimentation, une nouvelle figure universelle va s\u2019imposer \u00e0 elle\u00a0: l\u2019\u0153uf. Le sujet se trouvant plus pr\u00e9cis\u00e9ment \u00e0 l\u2019int\u00e9rieur de la coquille qu\u2019elle va briser, elle le traite dans des dimensions plurielles. Il devient ainsi, un \u00e9l\u00e9ment central de son univers cr\u00e9atif qu\u2019elle d\u00e9cline dans une intensit\u00e9 obsessionnelle.<\/p><p>Entre 2023 et 2024, elle investit des lieux d\u2019exposition collective pour donner \u00e0 voir son travail sur ce sujet. Elle va \u00e9galement participer \u00e0 des projets d\u2019arts vivants : \u00ab Chamb\u00e9ry Quelle Histoire \u00bb (association \u00e9ponyme), \u00ab Petit grain \u00bb (Cie Najico) et \u00ab La Dame au violon \u00bb, de Carolina Zviebel et pr\u00eate sa voix \u00e0 diff\u00e9rents projets sonores.<\/p><p>Aujourd\u2019hui, entre autres recherches, elle a esquiss\u00e9 quelques cr\u00e9ations en lien avec ces origines tch\u00e8ques. Une exploration intime et discr\u00e8te pour le moment.<\/p>\t\t\t\t\t\t\t\t<\/div>\n\t\t\t\t<\/div>\n\t\t<div class=\"elementor-element elementor-element-3f601e6 e-con-full e-flex e-con e-child\" data-id=\"3f601e6\" data-element_type=\"container\">\n\t\t\t\t<div class=\"elementor-element elementor-element-5323b34 elementor-widget__width-inherit elementor-widget elementor-widget-image\" data-id=\"5323b34\" data-element_type=\"widget\" data-widget_type=\"image.default\">\n\t\t\t\t\t\t\t\t\t\t\t\t\t\t\t<img fetchpriority=\"high\" decoding=\"async\" width=\"768\" height=\"1363\" src=\"http:\/\/annazviebel.com\/wp-content\/uploads\/2025\/09\/IMG_20150527_144443.jpg1_-768x1363.jpg\" class=\"attachment-medium_large size-medium_large wp-image-1406\" alt=\"\" srcset=\"http:\/\/annazviebel.com\/wp-content\/uploads\/2025\/09\/IMG_20150527_144443.jpg1_-768x1363.jpg 768w, http:\/\/annazviebel.com\/wp-content\/uploads\/2025\/09\/IMG_20150527_144443.jpg1_-169x300.jpg 169w, http:\/\/annazviebel.com\/wp-content\/uploads\/2025\/09\/IMG_20150527_144443.jpg1_-577x1024.jpg 577w, http:\/\/annazviebel.com\/wp-content\/uploads\/2025\/09\/IMG_20150527_144443.jpg1_-865x1536.jpg 865w, http:\/\/annazviebel.com\/wp-content\/uploads\/2025\/09\/IMG_20150527_144443.jpg1_-1154x2048.jpg 1154w, http:\/\/annazviebel.com\/wp-content\/uploads\/2025\/09\/IMG_20150527_144443.jpg1_-scaled.jpg 1442w\" sizes=\"(max-width: 768px) 100vw, 768px\" \/>\t\t\t\t\t\t\t\t\t\t\t\t\t\t\t<\/div>\n\t\t\t\t<\/div>\n\t\t\t\t<\/div>\n\t\t\t\t<\/div>\n\t\t","protected":false},"excerpt":{"rendered":"<p>Biographie \/ Anna Zviebel Anna Zviebel est une artiste franco-tch\u00e8que n\u00e9e en 1985 \u00e0 Chamb\u00e9ry, \u00e9voluant dans une double culture [&hellip;]<\/p>\n","protected":false},"author":1,"featured_media":0,"parent":0,"menu_order":0,"comment_status":"closed","ping_status":"closed","template":"","meta":{"site-sidebar-layout":"no-sidebar","site-content-layout":"","ast-site-content-layout":"full-width-container","site-content-style":"default","site-sidebar-style":"default","ast-global-header-display":"","ast-banner-title-visibility":"","ast-main-header-display":"","ast-hfb-above-header-display":"","ast-hfb-below-header-display":"","ast-hfb-mobile-header-display":"","site-post-title":"disabled","ast-breadcrumbs-content":"","ast-featured-img":"disabled","footer-sml-layout":"","ast-disable-related-posts":"","theme-transparent-header-meta":"","adv-header-id-meta":"","stick-header-meta":"","header-above-stick-meta":"","header-main-stick-meta":"","header-below-stick-meta":"","astra-migrate-meta-layouts":"default","ast-page-background-enabled":"default","ast-page-background-meta":{"desktop":{"background-color":"var(--ast-global-color-5)","background-image":"","background-repeat":"repeat","background-position":"center center","background-size":"auto","background-attachment":"scroll","background-type":"","background-media":"","overlay-type":"","overlay-color":"","overlay-opacity":"","overlay-gradient":""},"tablet":{"background-color":"","background-image":"","background-repeat":"repeat","background-position":"center center","background-size":"auto","background-attachment":"scroll","background-type":"","background-media":"","overlay-type":"","overlay-color":"","overlay-opacity":"","overlay-gradient":""},"mobile":{"background-color":"","background-image":"","background-repeat":"repeat","background-position":"center center","background-size":"auto","background-attachment":"scroll","background-type":"","background-media":"","overlay-type":"","overlay-color":"","overlay-opacity":"","overlay-gradient":""}},"ast-content-background-meta":{"desktop":{"background-color":"var(--ast-global-color-4)","background-image":"","background-repeat":"repeat","background-position":"center center","background-size":"auto","background-attachment":"scroll","background-type":"","background-media":"","overlay-type":"","overlay-color":"","overlay-opacity":"","overlay-gradient":""},"tablet":{"background-color":"var(--ast-global-color-4)","background-image":"","background-repeat":"repeat","background-position":"center center","background-size":"auto","background-attachment":"scroll","background-type":"","background-media":"","overlay-type":"","overlay-color":"","overlay-opacity":"","overlay-gradient":""},"mobile":{"background-color":"var(--ast-global-color-4)","background-image":"","background-repeat":"repeat","background-position":"center center","background-size":"auto","background-attachment":"scroll","background-type":"","background-media":"","overlay-type":"","overlay-color":"","overlay-opacity":"","overlay-gradient":""}},"footnotes":""},"class_list":["post-61","page","type-page","status-publish","hentry"],"yoast_head":"<!-- This site is optimized with the Yoast SEO plugin v26.6 - https:\/\/yoast.com\/wordpress\/plugins\/seo\/ -->\n<title>Biographie -<\/title>\n<meta name=\"robots\" content=\"index, follow, max-snippet:-1, max-image-preview:large, max-video-preview:-1\" \/>\n<link rel=\"canonical\" href=\"http:\/\/annazviebel.com\/index.php\/courte-biographie\/\" \/>\n<meta property=\"og:locale\" content=\"en_US\" \/>\n<meta property=\"og:type\" content=\"article\" \/>\n<meta property=\"og:title\" content=\"Biographie -\" \/>\n<meta property=\"og:description\" content=\"Biographie \/ Anna Zviebel Anna Zviebel est une artiste franco-tch\u00e8que n\u00e9e en 1985 \u00e0 Chamb\u00e9ry, \u00e9voluant dans une double culture [&hellip;]\" \/>\n<meta property=\"og:url\" content=\"http:\/\/annazviebel.com\/index.php\/courte-biographie\/\" \/>\n<meta property=\"article:modified_time\" content=\"2025-10-20T07:54:57+00:00\" \/>\n<meta property=\"og:image\" content=\"http:\/\/annazviebel.com\/wp-content\/uploads\/2025\/09\/IMG_20150527_144443.jpg1_-768x1363.jpg\" \/>\n<meta name=\"twitter:card\" content=\"summary_large_image\" \/>\n<meta name=\"twitter:label1\" content=\"Est. reading time\" \/>\n\t<meta name=\"twitter:data1\" content=\"2 minutes\" \/>\n<script type=\"application\/ld+json\" class=\"yoast-schema-graph\">{\"@context\":\"https:\/\/schema.org\",\"@graph\":[{\"@type\":\"WebPage\",\"@id\":\"http:\/\/annazviebel.com\/index.php\/courte-biographie\/\",\"url\":\"http:\/\/annazviebel.com\/index.php\/courte-biographie\/\",\"name\":\"Biographie -\",\"isPartOf\":{\"@id\":\"http:\/\/annazviebel.com\/#website\"},\"primaryImageOfPage\":{\"@id\":\"http:\/\/annazviebel.com\/index.php\/courte-biographie\/#primaryimage\"},\"image\":{\"@id\":\"http:\/\/annazviebel.com\/index.php\/courte-biographie\/#primaryimage\"},\"thumbnailUrl\":\"http:\/\/annazviebel.com\/wp-content\/uploads\/2025\/09\/IMG_20150527_144443.jpg1_-768x1363.jpg\",\"datePublished\":\"2025-09-02T15:06:41+00:00\",\"dateModified\":\"2025-10-20T07:54:57+00:00\",\"breadcrumb\":{\"@id\":\"http:\/\/annazviebel.com\/index.php\/courte-biographie\/#breadcrumb\"},\"inLanguage\":\"en-US\",\"potentialAction\":[{\"@type\":\"ReadAction\",\"target\":[\"http:\/\/annazviebel.com\/index.php\/courte-biographie\/\"]}]},{\"@type\":\"ImageObject\",\"inLanguage\":\"en-US\",\"@id\":\"http:\/\/annazviebel.com\/index.php\/courte-biographie\/#primaryimage\",\"url\":\"https:\/\/annazviebel.com\/wp-content\/uploads\/2025\/09\/IMG_20150527_144443.jpg1_-scaled.jpg\",\"contentUrl\":\"https:\/\/annazviebel.com\/wp-content\/uploads\/2025\/09\/IMG_20150527_144443.jpg1_-scaled.jpg\",\"width\":1442,\"height\":2560},{\"@type\":\"BreadcrumbList\",\"@id\":\"http:\/\/annazviebel.com\/index.php\/courte-biographie\/#breadcrumb\",\"itemListElement\":[{\"@type\":\"ListItem\",\"position\":1,\"name\":\"Home\",\"item\":\"http:\/\/annazviebel.com\/\"},{\"@type\":\"ListItem\",\"position\":2,\"name\":\"Biographie\"}]},{\"@type\":\"WebSite\",\"@id\":\"http:\/\/annazviebel.com\/#website\",\"url\":\"http:\/\/annazviebel.com\/\",\"name\":\"\",\"description\":\"\",\"potentialAction\":[{\"@type\":\"SearchAction\",\"target\":{\"@type\":\"EntryPoint\",\"urlTemplate\":\"http:\/\/annazviebel.com\/?s={search_term_string}\"},\"query-input\":{\"@type\":\"PropertyValueSpecification\",\"valueRequired\":true,\"valueName\":\"search_term_string\"}}],\"inLanguage\":\"en-US\"}]}<\/script>\n<!-- \/ Yoast SEO plugin. -->","yoast_head_json":{"title":"Biographie -","robots":{"index":"index","follow":"follow","max-snippet":"max-snippet:-1","max-image-preview":"max-image-preview:large","max-video-preview":"max-video-preview:-1"},"canonical":"http:\/\/annazviebel.com\/index.php\/courte-biographie\/","og_locale":"en_US","og_type":"article","og_title":"Biographie -","og_description":"Biographie \/ Anna Zviebel Anna Zviebel est une artiste franco-tch\u00e8que n\u00e9e en 1985 \u00e0 Chamb\u00e9ry, \u00e9voluant dans une double culture [&hellip;]","og_url":"http:\/\/annazviebel.com\/index.php\/courte-biographie\/","article_modified_time":"2025-10-20T07:54:57+00:00","og_image":[{"url":"http:\/\/annazviebel.com\/wp-content\/uploads\/2025\/09\/IMG_20150527_144443.jpg1_-768x1363.jpg","type":"","width":"","height":""}],"twitter_card":"summary_large_image","twitter_misc":{"Est. reading time":"2 minutes"},"schema":{"@context":"https:\/\/schema.org","@graph":[{"@type":"WebPage","@id":"http:\/\/annazviebel.com\/index.php\/courte-biographie\/","url":"http:\/\/annazviebel.com\/index.php\/courte-biographie\/","name":"Biographie -","isPartOf":{"@id":"http:\/\/annazviebel.com\/#website"},"primaryImageOfPage":{"@id":"http:\/\/annazviebel.com\/index.php\/courte-biographie\/#primaryimage"},"image":{"@id":"http:\/\/annazviebel.com\/index.php\/courte-biographie\/#primaryimage"},"thumbnailUrl":"http:\/\/annazviebel.com\/wp-content\/uploads\/2025\/09\/IMG_20150527_144443.jpg1_-768x1363.jpg","datePublished":"2025-09-02T15:06:41+00:00","dateModified":"2025-10-20T07:54:57+00:00","breadcrumb":{"@id":"http:\/\/annazviebel.com\/index.php\/courte-biographie\/#breadcrumb"},"inLanguage":"en-US","potentialAction":[{"@type":"ReadAction","target":["http:\/\/annazviebel.com\/index.php\/courte-biographie\/"]}]},{"@type":"ImageObject","inLanguage":"en-US","@id":"http:\/\/annazviebel.com\/index.php\/courte-biographie\/#primaryimage","url":"https:\/\/annazviebel.com\/wp-content\/uploads\/2025\/09\/IMG_20150527_144443.jpg1_-scaled.jpg","contentUrl":"https:\/\/annazviebel.com\/wp-content\/uploads\/2025\/09\/IMG_20150527_144443.jpg1_-scaled.jpg","width":1442,"height":2560},{"@type":"BreadcrumbList","@id":"http:\/\/annazviebel.com\/index.php\/courte-biographie\/#breadcrumb","itemListElement":[{"@type":"ListItem","position":1,"name":"Home","item":"http:\/\/annazviebel.com\/"},{"@type":"ListItem","position":2,"name":"Biographie"}]},{"@type":"WebSite","@id":"http:\/\/annazviebel.com\/#website","url":"http:\/\/annazviebel.com\/","name":"","description":"","potentialAction":[{"@type":"SearchAction","target":{"@type":"EntryPoint","urlTemplate":"http:\/\/annazviebel.com\/?s={search_term_string}"},"query-input":{"@type":"PropertyValueSpecification","valueRequired":true,"valueName":"search_term_string"}}],"inLanguage":"en-US"}]}},"_links":{"self":[{"href":"https:\/\/annazviebel.com\/index.php\/wp-json\/wp\/v2\/pages\/61","targetHints":{"allow":["GET"]}}],"collection":[{"href":"https:\/\/annazviebel.com\/index.php\/wp-json\/wp\/v2\/pages"}],"about":[{"href":"https:\/\/annazviebel.com\/index.php\/wp-json\/wp\/v2\/types\/page"}],"author":[{"embeddable":true,"href":"https:\/\/annazviebel.com\/index.php\/wp-json\/wp\/v2\/users\/1"}],"replies":[{"embeddable":true,"href":"https:\/\/annazviebel.com\/index.php\/wp-json\/wp\/v2\/comments?post=61"}],"version-history":[{"count":108,"href":"https:\/\/annazviebel.com\/index.php\/wp-json\/wp\/v2\/pages\/61\/revisions"}],"predecessor-version":[{"id":2660,"href":"https:\/\/annazviebel.com\/index.php\/wp-json\/wp\/v2\/pages\/61\/revisions\/2660"}],"wp:attachment":[{"href":"https:\/\/annazviebel.com\/index.php\/wp-json\/wp\/v2\/media?parent=61"}],"curies":[{"name":"wp","href":"https:\/\/api.w.org\/{rel}","templated":true}]}}